{"id":4262,"date":"2024-05-28T18:21:23","date_gmt":"2024-05-28T18:21:23","guid":{"rendered":"https:\/\/tangramsolutions.es\/?page_id=4262"},"modified":"2024-05-28T18:52:53","modified_gmt":"2024-05-28T18:52:53","slug":"politica-de-cookies","status":"publish","type":"page","link":"https:\/\/tangramsolutions.es\/index.php\/politica-de-cookies\/","title":{"rendered":"Pol\u00edtica de cookies"},"content":{"rendered":"\n<p><\/p>\n\n\n\n<p><\/p>\n\n\n\n<h1 class=\"wp-block-heading\"><a>1.&nbsp;&nbsp;&nbsp; CAPA 1: AVISO COOKIES<\/a><\/h1>\n\n\n\n<h2 class=\"wp-block-heading\"><a>1.1.&nbsp;&nbsp;&nbsp;&nbsp;&nbsp;&nbsp;&nbsp;&nbsp;&nbsp;&nbsp;&nbsp; BANNER<\/a><\/h2>\n\n\n\n<p>Esta p\u00e1gina web \u00fanicamente utiliza cookies t\u00e9cnicas con la finalidad de optimizar el sitio web y asegurar su correcto funcionamiento. No recaba ni cede datos de car\u00e1cter personal de los usuarios. Para obtener informaci\u00f3n adicional sobre el uso de las cookies, acceda a nuestra Pol\u00edtica de Cookies.<\/p>\n\n\n\n<h1 class=\"wp-block-heading\"><a>2.&nbsp;&nbsp;&nbsp; CAPA 2: POL\u00cdTICA EXTENSA<\/a><\/h1>\n\n\n\n<h2 class=\"wp-block-heading\"><a>2.1.&nbsp;&nbsp;&nbsp;&nbsp;&nbsp;&nbsp;&nbsp;&nbsp;&nbsp;&nbsp;&nbsp; USO DE COOKIES. \u00bfQU\u00c9 SON LAS COOKIES?<\/a><\/h2>\n\n\n\n<p>Las cookies son ficheros que se descargan en su Ordenador, Smartphone o Tablet al acceder a determinadas p\u00e1ginas web, que almacenan y recuperan informaci\u00f3n cuando navegas.&nbsp; La utilizaci\u00f3n de cookies, ofrece numerosas ventajas en la prestaci\u00f3n de servicios de la Sociedad de la Informaci\u00f3n, puesto que, entre otras:<\/p>\n\n\n\n<p>(a) facilita la navegaci\u00f3n del usuario en el Sitio Web;<\/p>\n\n\n\n<p>(b) facilita al usuario el acceso a los diferentes servicios que ofrece el Sitio Web;<\/p>\n\n\n\n<p>(c) evita al usuario volver a configurar las caracter\u00edsticas generales predefinidas cada vez que accede al Sitio Web;<\/p>\n\n\n\n<p>(d) favorece la mejora del funcionamiento y de los servicios prestados a trav\u00e9s del Sitio Web, tras el correspondiente an\u00e1lisis de la informaci\u00f3n obtenida a trav\u00e9s de las cookies instaladas;<\/p>\n\n\n\n<p>(e) permiten a un Sitio Web, entre otras cosas, almacenar y recuperar informaci\u00f3n sobre los h\u00e1bitos de navegaci\u00f3n de un usuario o de su equipo y, dependiendo de la informaci\u00f3n que contengan y de la forma en que utilice su equipo, pueden utilizarse para reconocer al usuario.<\/p>\n\n\n\n<p>De conformidad con lo dispuesto en la Ley 34\/2002, de 11 de julio, de Servicios de la Sociedad de la Informaci\u00f3n y de Comercio Electr\u00f3nico, y el Reglamento (UE) 2016\/679 del Parlamento Europeo y del Consejo de 27 de abril de 2016, informamos que <strong>esta web no utiliza cookies para recoger informaci\u00f3n de los usuarios<\/strong>. <strong>\u00danicamente se utilizan cookies con finalidad t\u00e9cnica y de personalizaci\u00f3n<\/strong>, <strong>con la finalidad de permitir su navegaci\u00f3n y para posibilitar que determine sus preferencias.<\/strong><\/p>\n\n\n\n<p>Con el fin de proporcionarle la m\u00e1xima informaci\u00f3n posible, procedemos, en primer lugar, a realizar una clasificaci\u00f3n de las cookies, en funci\u00f3n de una serie de categor\u00edas:<\/p>\n\n\n\n<p><strong><u>Tipos de cookies seg\u00fan la entidad que las gestione<\/u>:<\/strong><\/p>\n\n\n\n<p><strong>a) Cookies Propias:<\/strong><\/p>\n\n\n\n<p>Son aquellas de las que es responsable el propio editor y que, generalmente, se env\u00edan al equipo terminal del usuario desde un equipo o dominio gestionado por el propio editor y desde el que se presta el servicio solicitado por el usuario.<\/p>\n\n\n\n<p><strong>b) Cookies de Terceros:<\/strong><\/p>\n\n\n\n<p>Son aquellas de las que es responsable una entidad distinta del editor y que, generalmente, se env\u00edan al equipo terminal del usuario desde un equipo o dominio que no es gestionado por el editor, sino por otra entidad que trata los datos obtenidos a trav\u00e9s de las cookies.<\/p>\n\n\n\n<p><strong><u>Tipos de cookies seg\u00fan su finalidad<\/u>:<\/strong><\/p>\n\n\n\n<p><strong>a) Cookies t\u00e9cnicas: <\/strong>son aquellas que permiten al usuario la navegaci\u00f3n a trav\u00e9s de una p\u00e1gina web, plataforma o aplicaci\u00f3n y la utilizaci\u00f3n de las diferentes opciones o servicios que en ella existan, incluyendo aquellas que el editor utiliza para permitir la gesti\u00f3n y operativa de la p\u00e1gina web y habilitar sus funciones y servicios, como, por ejemplo, controlar el tr\u00e1fico y la comunicaci\u00f3n de datos, identificar la sesi\u00f3n, acceder a partes de acceso restringido, realizar el proceso de compra, realizar, almacenar contenidos, para la difusi\u00f3n de v\u00eddeos o sonido, habilitar contenidos din\u00e1micos, etc.).<\/p>\n\n\n\n<p><strong>b) Cookies de preferencias o personalizaci\u00f3n:<\/strong> son aquellas que permiten recordar informaci\u00f3n para que el usuario acceda al servicio con determinadas caracter\u00edsticas que pueden diferenciar su experiencia de la de otros usuarios, como, por ejemplo, el idioma, el n\u00famero de resultados a mostrar cuando el usuario realiza una b\u00fasqueda, etc.<\/p>\n\n\n\n<p><strong>c) Cookies de an\u00e1lisis o medici\u00f3n:<\/strong> son aquellas que permiten al responsable de las mismas el seguimiento y an\u00e1lisis del comportamiento de los usuarios de los sitios web a los que est\u00e1n vinculadas, incluida la cuantificaci\u00f3n de los impactos de los anuncios.<\/p>\n\n\n\n<p><strong>d) Cookies de publicidad comportamental:<\/strong> son aquellas que almacenan informaci\u00f3n del comportamiento de los usuarios obtenida a trav\u00e9s de la observaci\u00f3n continuada de sus h\u00e1bitos de navegaci\u00f3n, lo que permite desarrollar un perfil espec\u00edfico para mostrar publicidad en funci\u00f3n del mismo.<\/p>\n\n\n\n<p><strong><u>Tipos de cookies seg\u00fan el plazo de tiempo que permanecen activadas<\/u>:<\/strong><\/p>\n\n\n\n<p><strong>a) Cookies de sesi\u00f3n: <\/strong>son aquellas dise\u00f1adas para recabar y almacenar datos mientras el usuario accede a una p\u00e1gina web. Se suelen emplear para almacenar informaci\u00f3n que solo interesa conservar para la prestaci\u00f3n del servicio solicitado por el usuario en una sola ocasi\u00f3n (por ejemplo, una lista de productos adquiridos) y desaparecen al terminar la sesi\u00f3n.<\/p>\n\n\n\n<p><strong>b) Cookies persistentes:<\/strong> son aquellas en las que los datos siguen almacenados en el terminal y pueden ser accedidos y tratados durante un periodo definido por el responsable de la cookie, y que puede ir de unos minutos a varios a\u00f1os.<\/p>\n\n\n\n<p>A continuaci\u00f3n, detallamos la lista de las cookies que utilizamos:<\/p>\n\n\n\n<figure class=\"wp-block-table\"><table><tbody><tr><td><a>Nombre<\/a><\/td><td><a>Tipo<\/a><\/td><td><a>Proveedor<\/a><\/td><td><a>Finalidad<\/a><\/td><td><a>Duraci\u00f3n<\/a><\/td><\/tr><tr><td>&nbsp;<\/td><td>&nbsp;<\/td><td>&nbsp;<\/td><td>&nbsp;<\/td><td>&nbsp;<\/td><\/tr><\/tbody><\/table><\/figure>\n\n\n\n<p>El portal del que es titular TANGRAM SOLUTIONS SL puede contener enlaces a sitios web de terceros, cuyas pol\u00edticas de privacidad son ajenas a la de TANGRAM SOLUTIONS SL. Al acceder a tales sitios web usted puede decidir si acepta sus pol\u00edticas de privacidad y de cookies. Con car\u00e1cter general, si navega por internet usted puede aceptar o rechazar las cookies de terceros desde las opciones de configuraci\u00f3n de su navegador.TANGRAM SOLUTIONS SL no se hace responsable, en ning\u00fan caso, ni del contenido ni de la veracidad de las pol\u00edticas y\/o condiciones de uso y privacidad de los terceros.<\/p>\n\n\n\n<h2 class=\"wp-block-heading\"><a>2.2.&nbsp;&nbsp;&nbsp;&nbsp;&nbsp;&nbsp;&nbsp;&nbsp;&nbsp;&nbsp;&nbsp; &nbsp;MODIFICACIONES. ACTUALIZACI\u00d3N<\/a><\/h2>\n\n\n\n<p>La presente pol\u00edtica de cookies puede verse modificada\/actualizada en funci\u00f3n de las exigencias legales establecidas o con la finalidad de adaptar dicha pol\u00edtica a las instrucciones dictadas por la Agencia Espa\u00f1ola de Protecci\u00f3n de Datos o, por la actualizaci\u00f3n del sitio web. Por esta raz\u00f3n, aconsejamos a los usuarios que visiten peri\u00f3dicamente nuestra pol\u00edtica de cookies.<\/p>\n\n\n\n<p><br>Si tiene dudas acerca de esta pol\u00edtica de cookies, puede contactar con TANGRAM SOLUTIONS SL&nbsp; a trav\u00e9s del siguiente correo electr\u00f3nico inf@tangramsolutions.es<\/p>\n\n\n\n<p>Para obtener informaci\u00f3n adicional sobre el tratamiento de sus datos personales acuda a nuestra <a href=\"https:\/\/tangramsolutions.es\/index.php\/politica-de-privacidad\/\" data-type=\"page\" data-id=\"3\">Pol\u00edtica de Privacidad.<\/a><\/p>\n\n\n\n<p>\u00daltima revisi\u00f3n 24 de Mayo de 2024<\/p>\n","protected":false},"excerpt":{"rendered":"<p>1.&nbsp;&nbsp;&nbsp; CAPA 1: AVISO COOKIES 1.1.&nbsp;&nbsp;&nbsp;&nbsp;&nbsp;&nbsp;&nbsp;&nbsp;&nbsp;&nbsp;&nbsp; BANNER Esta p\u00e1gina web \u00fanicamente utiliza cookies t\u00e9cnicas con la finalidad de optimizar el sitio web y asegurar su correcto funcionamiento. No recaba ni cede datos de car\u00e1cter personal de los usuarios. Para obtener informaci\u00f3n adicional sobre el uso&#8230;<\/p>\n","protected":false},"author":1,"featured_media":0,"parent":0,"menu_order":0,"comment_status":"closed","ping_status":"closed","template":"","meta":{"footnotes":""},"class_list":["post-4262","page","type-page","status-publish","hentry"],"_links":{"self":[{"href":"https:\/\/tangramsolutions.es\/index.php\/wp-json\/wp\/v2\/pages\/4262","targetHints":{"allow":["GET"]}}],"collection":[{"href":"https:\/\/tangramsolutions.es\/index.php\/wp-json\/wp\/v2\/pages"}],"about":[{"href":"https:\/\/tangramsolutions.es\/index.php\/wp-json\/wp\/v2\/types\/page"}],"author":[{"embeddable":true,"href":"https:\/\/tangramsolutions.es\/index.php\/wp-json\/wp\/v2\/users\/1"}],"replies":[{"embeddable":true,"href":"https:\/\/tangramsolutions.es\/index.php\/wp-json\/wp\/v2\/comments?post=4262"}],"version-history":[{"count":4,"href":"https:\/\/tangramsolutions.es\/index.php\/wp-json\/wp\/v2\/pages\/4262\/revisions"}],"predecessor-version":[{"id":4268,"href":"https:\/\/tangramsolutions.es\/index.php\/wp-json\/wp\/v2\/pages\/4262\/revisions\/4268"}],"wp:attachment":[{"href":"https:\/\/tangramsolutions.es\/index.php\/wp-json\/wp\/v2\/media?parent=4262"}],"curies":[{"name":"wp","href":"https:\/\/api.w.org\/{rel}","templated":true}]}}